{"id":5402,"date":"2020-12-17T01:57:29","date_gmt":"2020-12-17T01:57:29","guid":{"rendered":"https:\/\/el1.thembaydev.com\/zota_furniture\/?page_id=3"},"modified":"2024-12-21T14:36:46","modified_gmt":"2024-12-21T14:36:46","slug":"privacy-policy-2","status":"publish","type":"page","link":"https:\/\/mdkservicesplus.com\/?page_id=5402","title":{"rendered":"Politique de s\u00e9curit\u00e9"},"content":{"rendered":"\t\t<div data-elementor-type=\"wp-page\" data-elementor-id=\"5402\" class=\"elementor elementor-5402\">\n\t\t\t\t<div class=\"elementor-element elementor-element-598aa408 e-flex e-con-boxed e-con e-parent\" data-id=\"598aa408\" data-element_type=\"container\" data-e-type=\"container\">\n\t\t\t\t\t<div class=\"e-con-inner\">\n\t\t\t\t<div class=\"elementor-element elementor-element-7588f9be elementor-widget elementor-widget-text-editor\" data-id=\"7588f9be\" data-element_type=\"widget\" data-e-type=\"widget\" data-widget_type=\"text-editor.default\">\n\t\t\t\t<div class=\"elementor-widget-container\">\n\t\t\t\t\t\t\t\t\t<p><span style=\"color: #000000;\">politique de confidentialit\u00e9<\/span><\/p>\n<p>\u00a0<\/p>\n<p><span style=\"color: #000000;\">Cette politique de confidentialit\u00e9 d\u00e9crit la mani\u00e8re dont vos informations personnelles sont collect\u00e9es, utilis\u00e9es et partag\u00e9es lorsque vous visitez ou effectuez un achat sur euergutesbrennholz.com (\u00ab le Site \u00bb).<\/span><\/p>\n<p>\u00a0<\/p>\n<p><span style=\"color: #000000;\">Informations personnelles que nous collectons<\/span><\/p>\n<p>\u00a0<\/p>\n<p><span style=\"color: #000000;\">Lorsque vous visitez le Site, nous collectons automatiquement certaines informations sur votre appareil, notamment des informations sur votre navigateur Web, votre adresse IP, votre fuseau horaire et certains des cookies install\u00e9s sur votre appareil. De plus, lorsque vous naviguez sur le Site, nous collectons des informations sur les pages Web ou les produits individuels que vous consultez, les sites Web ou les termes de recherche qui vous ont renvoy\u00e9 vers le Site, ainsi que des informations sur la mani\u00e8re dont vous interagissez avec le Site. Nous appelons ces informations collect\u00e9es automatiquement \u00ab Informations sur l\u2019appareil \u00bb.<\/span><\/p>\n<p>\u00a0<\/p>\n<p><span style=\"color: #000000;\">Nous collectons des informations sur les appareils \u00e0 l&#8217;aide des technologies suivantes\u00a0:<\/span><\/p>\n<p>\u00a0<\/p>\n<p><span style=\"color: #000000;\">\u2013 Les \u00ab Cookies \u00bb sont des fichiers de donn\u00e9es plac\u00e9s sur votre appareil ou ordinateur qui contiennent souvent un identifiant unique anonyme. Pour plus d&#8217;informations sur les cookies et comment d\u00e9sactiver les cookies, visitez http:\/\/www.allaboutcookies.org.<\/span><\/p>\n<p>\u00a0<\/p>\n<p><span style=\"color: #000000;\">\u2013 Les \u00ab\u00a0fichiers journaux\u00a0\u00bb suivent les actions sur le site et collectent des informations telles que votre adresse IP, votre type de navigateur, votre fournisseur de services Internet, les pages de r\u00e9f\u00e9rence\/de sortie et les horodatages.<\/span><\/p>\n<p>\u00a0<\/p>\n<p><span style=\"color: #000000;\">\u2013 Les \u00ab balises Web \u00bb, les \u00ab balises \u00bb et les \u00ab pixels \u00bb sont des fichiers \u00e9lectroniques utilis\u00e9s pour enregistrer des informations sur la fa\u00e7on dont vous naviguez sur le Site.<\/span><\/p>\n<p>\u00a0<\/p>\n<p><span style=\"color: #000000;\">Si vous effectuez un achat ou tentez d&#8217;effectuer un achat via le Site, nous collectons \u00e9galement certaines informations vous concernant, notamment votre nom, votre adresse de facturation, votre adresse de livraison, vos informations de paiement (y compris les num\u00e9ros de carte de cr\u00e9dit, votre adresse e-mail et votre num\u00e9ro de t\u00e9l\u00e9phone). Nous appelons ces informations \u00ab\u00a0Informations sur la commande\u00a0\u00bb.<\/span><\/p>\n<p>\u00a0<\/p>\n<p><span style=\"color: #000000;\">Lorsque nous faisons r\u00e9f\u00e9rence aux \u00ab\u00a0informations personnelles\u00a0\u00bb dans la pr\u00e9sente politique de confidentialit\u00e9, nous entendons \u00e0 la fois les informations sur l&#8217;appareil et les informations sur la commande.<\/span><\/p>\n<p>\u00a0<\/p>\n<p><span style=\"color: #000000;\">Comment utilisons-nous vos informations personnelles ?<\/span><\/p>\n<p>\u00a0<\/p>\n<p><span style=\"color: #000000;\">Nous utilisons g\u00e9n\u00e9ralement les informations de commande que nous collectons pour ex\u00e9cuter toute commande pass\u00e9e via le Site (y compris le traitement de vos informations de paiement, l&#8217;organisation de l&#8217;exp\u00e9dition et la fourniture de factures et\/ou de confirmations de commande). De plus, nous utilisons ces informations de commande pour\u00a0:<\/span><\/p>\n<p>\u00a0<\/p>\n<p><span style=\"color: #000000;\">\u2013 pour communiquer avec vous.<\/span><\/p>\n<p>\u00a0<\/p>\n<p><span style=\"color: #000000;\">\u2013 v\u00e9rifier nos commandes pour d\u00e9tecter des risques potentiels ou des fraudes\u00a0; et<\/span><\/p>\n<p>\u00a0<\/p>\n<p><span style=\"color: #000000;\">\u2013 Vous fournir des informations ou de la publicit\u00e9 sur nos produits ou services, sous r\u00e9serve des pr\u00e9f\u00e9rences que vous avez partag\u00e9es avec nous.<\/span><\/p>\n<p>\u00a0<\/p>\n<p><span style=\"color: #000000;\">Nous utilisons les informations sur les appareils que nous collectons pour identifier les risques potentiels et les fraudes (en particulier votre adresse IP) et plus g\u00e9n\u00e9ralement pour am\u00e9liorer et optimiser notre site Web (par exemple, en produisant des analyses sur la fa\u00e7on dont nos clients naviguent sur le site Web et interagissent avec lui, et pour \u00e9valuer le succ\u00e8s de nos campagnes de marketing et de publicit\u00e9).<\/span><\/p>\n<p>\u00a0<\/p>\n<p><span style=\"color: #000000;\">Partager vos informations personnelles<\/span><\/p>\n<p>\u00a0<\/p>\n<p><span style=\"color: #000000;\">Nous partageons vos informations personnelles avec des tiers pour nous aider \u00e0 utiliser vos informations personnelles comme d\u00e9crit ci-dessus. Par exemple, nous utilisons WordPress pour g\u00e9rer notre boutique en ligne. Vous pouvez trouver plus d\u2019informations sur la mani\u00e8re dont WordPress utilise vos donn\u00e9es personnelles ici : https:\/\/wordpress.org\/about\/privacy\/. Nous utilisons \u00e9galement Google Analytics pour comprendre comment nos clients utilisent le site Web. Vous pouvez trouver plus d&#8217;informations sur la mani\u00e8re dont Google utilise vos donn\u00e9es personnelles ici : https:\/\/www.google.com\/intl\/en\/policies\/privacy\/. Vous pouvez \u00e9galement d\u00e9sactiver Google Analytics ici : https:\/\/tools.google.com\/dlpage\/gaoptout.<\/span><\/p>\n<p>\u00a0<\/p>\n<p><span style=\"color: #000000;\">Enfin, nous pouvons \u00e9galement divulguer vos informations personnelles pour nous conformer aux lois et r\u00e9glementations applicables, pour r\u00e9pondre aux assignations \u00e0 compara\u00eetre, aux mandats de perquisition ou \u00e0 d&#8217;autres demandes l\u00e9gales d&#8217;informations que nous recevons, ou pour prot\u00e9ger nos droits de toute autre mani\u00e8re.<\/span><\/p>\n<p>\u00a0<\/p>\n<p><span style=\"color: #000000;\">Publicit\u00e9 comportementale<\/span><\/p>\n<p>\u00a0<\/p>\n<p><span style=\"color: #000000;\">Comme d\u00e9crit ci-dessus, nous utilisons vos informations personnelles pour vous proposer des publicit\u00e9s ou des communications marketing cibl\u00e9es qui, selon nous, pourraient vous int\u00e9resser. Pour plus d&#8217;informations sur le fonctionnement de la publicit\u00e9 cibl\u00e9e, veuillez visiter la page d&#8217;informations de la Network Advertising Initiative (\u00ab NAI \u00bb) \u00e0 l&#8217;adresse http:\/\/www.networkadvertising.org\/understanding-online-advertising\/how-does-it-work.<\/span><\/p>\n<p>\u00a0<\/p>\n<p><span style=\"color: #000000;\">Ne pas suivre<\/span><\/p>\n<p>\u00a0<\/p>\n<p><span style=\"color: #000000;\">Veuillez noter que nous ne modifions pas les pratiques de collecte et d&#8217;utilisation des donn\u00e9es de notre site Web lorsque nous voyons un signal Do Not Track provenant de votre navigateur.<\/span><\/p>\n<p>\u00a0<\/p>\n<p><span style=\"color: #000000;\">Stockage des donn\u00e9es<\/span><\/p>\n<p>\u00a0<\/p>\n<p><span style=\"color: #000000;\">Lorsque vous passez une commande via le Site, nous conserverons les informations de votre commande pour nos dossiers, sauf si vous nous demandez de conserver ces informations.<\/span><\/p>\n<p><span style=\"color: #000000;\">pour supprimer des fonctions.<\/span><\/p>\n<p>\u00a0<\/p>\n<p><span style=\"color: #000000;\">Changements<\/span><\/p>\n<p>\u00a0<\/p>\n<p><span style=\"color: #000000;\">Nous pouvons mettre \u00e0 jour cette politique de confidentialit\u00e9 de temps \u00e0 autre, par exemple pour refl\u00e9ter des changements dans nos pratiques ou pour d&#8217;autres raisons op\u00e9rationnelles, juridiques ou r\u00e9glementaires.<\/span><\/p>\n<p>\u00a0<\/p>\n<p><span style=\"color: #000000;\">Contactez-nous<\/span><\/p>\n<p>\u00a0<\/p>\n<p><span style=\"color: #000000;\">Si vous souhaitez plus d&#8217;informations sur nos pratiques de confidentialit\u00e9, si vous avez des questions ou si vous souhaitez d\u00e9poser une plainte, veuillez nous contacter par e-mail.<\/span><\/p>\t\t\t\t\t\t\t\t<\/div>\n\t\t\t\t<\/div>\n\t\t\t\t\t<\/div>\n\t\t\t\t<\/div>\n\t\t\t\t<\/div>\n\t\t","protected":false},"excerpt":{"rendered":"<p>politique de confidentialit\u00e9 \u00a0 Cette politique de confidentialit\u00e9 d\u00e9crit la mani\u00e8re dont vos informations personnelles sont collect\u00e9es, utilis\u00e9es et partag\u00e9es lorsque vous visitez ou effectuez un achat sur euergutesbrennholz.com (\u00ab le Site \u00bb). \u00a0 Informations personnelles que nous collectons \u00a0 Lorsque vous visitez le Site, nous collectons automatiquement certaines informations sur votre appareil, notamment des &hellip; <a href=\"https:\/\/mdkservicesplus.com\/?page_id=5402\" class=\"more-link\">Read More <span class=\"screen-reader-text\">Politique de s\u00e9curit\u00e9<\/span><\/a><\/p>\n","protected":false},"author":1,"featured_media":0,"parent":0,"menu_order":0,"comment_status":"closed","ping_status":"open","template":"","meta":{"footnotes":""},"class_list":["post-5402","page","type-page","status-publish","hentry"],"_links":{"self":[{"href":"https:\/\/mdkservicesplus.com\/index.php?rest_route=\/wp\/v2\/pages\/5402","targetHints":{"allow":["GET"]}}],"collection":[{"href":"https:\/\/mdkservicesplus.com\/index.php?rest_route=\/wp\/v2\/pages"}],"about":[{"href":"https:\/\/mdkservicesplus.com\/index.php?rest_route=\/wp\/v2\/types\/page"}],"author":[{"embeddable":true,"href":"https:\/\/mdkservicesplus.com\/index.php?rest_route=\/wp\/v2\/users\/1"}],"replies":[{"embeddable":true,"href":"https:\/\/mdkservicesplus.com\/index.php?rest_route=%2Fwp%2Fv2%2Fcomments&post=5402"}],"version-history":[{"count":4,"href":"https:\/\/mdkservicesplus.com\/index.php?rest_route=\/wp\/v2\/pages\/5402\/revisions"}],"predecessor-version":[{"id":6132,"href":"https:\/\/mdkservicesplus.com\/index.php?rest_route=\/wp\/v2\/pages\/5402\/revisions\/6132"}],"wp:attachment":[{"href":"https:\/\/mdkservicesplus.com\/index.php?rest_route=%2Fwp%2Fv2%2Fmedia&parent=5402"}],"curies":[{"name":"wp","href":"https:\/\/api.w.org\/{rel}","templated":true}]}}