{"id":5977,"date":"2024-12-19T18:24:12","date_gmt":"2024-12-19T18:24:12","guid":{"rendered":"https:\/\/mdkservicesplus.com\/?post_type=product&#038;p=5977"},"modified":"2025-11-17T08:40:48","modified_gmt":"2025-11-17T08:40:48","slug":"bois-de-chauffage-50cm-ballot-sur-palette-2m%c2%b3-extra-sec","status":"publish","type":"product","link":"https:\/\/mdkservicesplus.com\/?product=bois-de-chauffage-50cm-ballot-sur-palette-2m%c2%b3-extra-sec","title":{"rendered":"Bois de chauffage \u2013 50cm \u2013 ballot sur palette 2m\u00b3 \u2013 Extra Sec"},"content":{"rendered":"<h1 class=\"product_title entry-title\">Bois de chauffage \u2013 50cm \u2013 ballot sur palette 2m\u00b3 \u2013 Extra Sec<\/h1>\n<div class=\"subtitle\">B\u00fbches de bois Haute Performance, pr\u00eates \u00e0 Br\u00fbler, s\u00e9ch\u00e9es en \u00c9tuve<\/div>\n<div class=\"the-content\">\n<p class=\"p1\"><em>Une palette de ce bois \u00e9quivaut \u00e0 un peu plus de 2 st\u00e8res en termes de pouvoir calorifique d\u00e9gag\u00e9 lors la combustion.<\/em><\/p>\n<p class=\"p1\">Nos b\u00fbches \u00e0 haut rendement en h\u00eatre, charme, ch\u00eane et fr\u00eane, s\u00e9ch\u00e9es en \u00e9tuve (moins de 20% d\u2019humidit\u00e9), offrent une <strong>efficacit\u00e9 calorifique \u00e9quivalente \u00e0 2,15 st\u00e8res <\/strong>pour un volume de 1,62 st\u00e8re.<\/p>\n<p class=\"p1\">Elles permettent une consommation r\u00e9duite de 30% par rapport au bois traditionnel non-\u00e9tuv\u00e9.<\/p>\n<p class=\"p1\">Disponibles en longueurs de 25cm, 30cm, 40cm et 50cm, <strong>d\u2019origine fran\u00e7aise<\/strong>, fendues, \u00e9corc\u00e9es et <strong>faciles \u00e0 stocker<\/strong>.<\/p>\n<\/div>\n","protected":false},"excerpt":{"rendered":"<p>Bois de chauffage \u2013 50cm \u2013 ballot sur palette 2m\u00b3 \u2013 Extra Sec B\u00fbches de bois Haute Performance, pr\u00eates \u00e0 Br\u00fbler, s\u00e9ch\u00e9es en \u00c9tuve Une palette de ce bois \u00e9quivaut \u00e0 un peu plus de 2 st\u00e8res en termes de pouvoir calorifique d\u00e9gag\u00e9 lors la combustion. Nos b\u00fbches \u00e0 haut rendement en h\u00eatre, charme, ch\u00eane &hellip; <a href=\"https:\/\/mdkservicesplus.com\/?product=bois-de-chauffage-50cm-ballot-sur-palette-2m%c2%b3-extra-sec\" class=\"more-link\">Read More <span class=\"screen-reader-text\">Bois de chauffage \u2013 50cm \u2013 ballot sur palette 2m\u00b3 \u2013 Extra Sec<\/span><\/a><\/p>\n","protected":false},"featured_media":5805,"comment_status":"open","ping_status":"closed","template":"","meta":[],"product_brand":[],"product_cat":[166,167],"product_tag":[],"class_list":{"0":"post-5977","1":"product","2":"type-product","3":"status-publish","4":"has-post-thumbnail","6":"product_cat-bois-de-chauffage-2","7":"product_cat-vos-bois","10":"instock","11":"shipping-taxable","12":"purchasable","13":"product-type-simple"},"_links":{"self":[{"href":"https:\/\/mdkservicesplus.com\/index.php?rest_route=\/wp\/v2\/product\/5977","targetHints":{"allow":["GET"]}}],"collection":[{"href":"https:\/\/mdkservicesplus.com\/index.php?rest_route=\/wp\/v2\/product"}],"about":[{"href":"https:\/\/mdkservicesplus.com\/index.php?rest_route=\/wp\/v2\/types\/product"}],"replies":[{"embeddable":true,"href":"https:\/\/mdkservicesplus.com\/index.php?rest_route=%2Fwp%2Fv2%2Fcomments&post=5977"}],"version-history":[{"count":1,"href":"https:\/\/mdkservicesplus.com\/index.php?rest_route=\/wp\/v2\/product\/5977\/revisions"}],"predecessor-version":[{"id":6005,"href":"https:\/\/mdkservicesplus.com\/index.php?rest_route=\/wp\/v2\/product\/5977\/revisions\/6005"}],"wp:featuredmedia":[{"embeddable":true,"href":"https:\/\/mdkservicesplus.com\/index.php?rest_route=\/wp\/v2\/media\/5805"}],"wp:attachment":[{"href":"https:\/\/mdkservicesplus.com\/index.php?rest_route=%2Fwp%2Fv2%2Fmedia&parent=5977"}],"wp:term":[{"taxonomy":"product_brand","embeddable":true,"href":"https:\/\/mdkservicesplus.com\/index.php?rest_route=%2Fwp%2Fv2%2Fproduct_brand&post=5977"},{"taxonomy":"product_cat","embeddable":true,"href":"https:\/\/mdkservicesplus.com\/index.php?rest_route=%2Fwp%2Fv2%2Fproduct_cat&post=5977"},{"taxonomy":"product_tag","embeddable":true,"href":"https:\/\/mdkservicesplus.com\/index.php?rest_route=%2Fwp%2Fv2%2Fproduct_tag&post=5977"}],"curies":[{"name":"wp","href":"https:\/\/api.w.org\/{rel}","templated":true}]}}