{"id":5979,"date":"2024-12-19T18:24:12","date_gmt":"2024-12-19T18:24:12","guid":{"rendered":"https:\/\/mdkservicesplus.com\/?post_type=product&#038;p=5979"},"modified":"2025-11-17T08:41:57","modified_gmt":"2025-11-17T08:41:57","slug":"bois-de-frene-disponible-en-caisses-de-2m3","status":"publish","type":"product","link":"https:\/\/mdkservicesplus.com\/?product=bois-de-frene-disponible-en-caisses-de-2m3","title":{"rendered":"Bois de fr\u00eane Disponible en caisses de 2m3"},"content":{"rendered":"<p>Le bois de fr\u00eane est un bois de chauffage dur de haute qualit\u00e9 pour votre chemin\u00e9e, po\u00eale ou four \u00e0 pizza.<\/p>\n<p>Le bois de fr\u00eane sec issu du bois de chauffage Lievens a un pourcentage d\u2019humidit\u00e9 de -20 %<\/p>\n<p>Le bois est sci\u00e9 et fendu sur une longueur de +-30cm.<\/p>\n<p>Et est livr\u00e9 empil\u00e9 dans des caisses en bois robustes.<\/p>\n<p>Disponible en caisses de 1m3 ou 1,8m3<\/p>\n","protected":false},"excerpt":{"rendered":"<p>Le bois de fr\u00eane est un bois de chauffage dur de haute qualit\u00e9 pour votre chemin\u00e9e, po\u00eale ou four \u00e0 pizza. Le bois de fr\u00eane sec issu du bois de chauffage Lievens a un pourcentage d\u2019humidit\u00e9 de -20 % Le bois est sci\u00e9 et fendu sur une longueur de +-30cm. Et est livr\u00e9 empil\u00e9 dans &hellip; <a href=\"https:\/\/mdkservicesplus.com\/?product=bois-de-frene-disponible-en-caisses-de-2m3\" class=\"more-link\">Read More <span class=\"screen-reader-text\">Bois de fr\u00eane Disponible en caisses de 2m3<\/span><\/a><\/p>\n","protected":false},"featured_media":5810,"comment_status":"open","ping_status":"closed","template":"","meta":[],"product_brand":[],"product_cat":[166,167],"product_tag":[],"class_list":{"0":"post-5979","1":"product","2":"type-product","3":"status-publish","4":"has-post-thumbnail","6":"product_cat-bois-de-chauffage-2","7":"product_cat-vos-bois","10":"instock","11":"shipping-taxable","12":"purchasable","13":"product-type-simple"},"_links":{"self":[{"href":"https:\/\/mdkservicesplus.com\/index.php?rest_route=\/wp\/v2\/product\/5979","targetHints":{"allow":["GET"]}}],"collection":[{"href":"https:\/\/mdkservicesplus.com\/index.php?rest_route=\/wp\/v2\/product"}],"about":[{"href":"https:\/\/mdkservicesplus.com\/index.php?rest_route=\/wp\/v2\/types\/product"}],"replies":[{"embeddable":true,"href":"https:\/\/mdkservicesplus.com\/index.php?rest_route=%2Fwp%2Fv2%2Fcomments&post=5979"}],"version-history":[{"count":1,"href":"https:\/\/mdkservicesplus.com\/index.php?rest_route=\/wp\/v2\/product\/5979\/revisions"}],"predecessor-version":[{"id":6007,"href":"https:\/\/mdkservicesplus.com\/index.php?rest_route=\/wp\/v2\/product\/5979\/revisions\/6007"}],"wp:featuredmedia":[{"embeddable":true,"href":"https:\/\/mdkservicesplus.com\/index.php?rest_route=\/wp\/v2\/media\/5810"}],"wp:attachment":[{"href":"https:\/\/mdkservicesplus.com\/index.php?rest_route=%2Fwp%2Fv2%2Fmedia&parent=5979"}],"wp:term":[{"taxonomy":"product_brand","embeddable":true,"href":"https:\/\/mdkservicesplus.com\/index.php?rest_route=%2Fwp%2Fv2%2Fproduct_brand&post=5979"},{"taxonomy":"product_cat","embeddable":true,"href":"https:\/\/mdkservicesplus.com\/index.php?rest_route=%2Fwp%2Fv2%2Fproduct_cat&post=5979"},{"taxonomy":"product_tag","embeddable":true,"href":"https:\/\/mdkservicesplus.com\/index.php?rest_route=%2Fwp%2Fv2%2Fproduct_tag&post=5979"}],"curies":[{"name":"wp","href":"https:\/\/api.w.org\/{rel}","templated":true}]}}