{"id":5982,"date":"2024-12-19T18:24:12","date_gmt":"2024-12-19T18:24:12","guid":{"rendered":"https:\/\/mdkservicesplus.com\/?post_type=product&#038;p=5982"},"modified":"2025-08-16T09:54:45","modified_gmt":"2025-08-16T09:54:45","slug":"bois-de-chauffage-en-palette-longueur-50-cm","status":"publish","type":"product","link":"https:\/\/mdkservicesplus.com\/?product=bois-de-chauffage-en-palette-longueur-50-cm","title":{"rendered":"Bois de chauffage en palette Longueur 50 CM"},"content":{"rendered":"<p>Palette de bois sec de haute qualit\u00e9 (ch\u00eane, h\u00eatre, charme, fr\u00eane).<br \/>\nContient 2 st\u00e8res et 25\u20ac correspondant au prix de la palette consign\u00e9e.<\/p>\n<p><strong>Bois de chauffage SEC, longueur 50 cm,\u00a0\u00a0en PALETTE consign\u00e9e de 1.6 m3<\/strong><span class=\"Apple-converted-space\">\u00a0<\/span>:\u00a0l\u2019humidit\u00e9 est garantie inf\u00e9rieure \u00e0 &lt; 18% avec un passage au<span class=\"Apple-converted-space\">\u00a0<\/span><strong>s\u00e9choir \u00e9cologique<\/strong><span class=\"Apple-converted-space\">\u00a0<\/span>(chaleur produite par une chaudi\u00e8re bois).<\/p>\n<p>Le bois est<span class=\"Apple-converted-space\">\u00a0<\/span><strong>rang\u00e9<\/strong>\u00a0et la palette est<span class=\"Apple-converted-space\">\u00a0<\/span><strong>livr\u00e9e<\/strong><span class=\"Apple-converted-space\">\u00a0<\/span>et d\u00e9pos\u00e9e gr\u00e2ce \u00e0 un transpalette tout terrain.<\/p>\n<p>Les essences de bois sont le ch\u00eane, le h\u00eatre, le charme et le fr\u00eane.<\/p>\n<p>Les buches sont calibr\u00e9es et coup\u00e9es \u00e0 la bonne longueur\u00a050 cm.<\/p>\n<p>A titre indicatif : Un st\u00e8re de bois de chauffage dit \u00ab\u00a0SEC\u00a0\u00bb, soit 20% maximum d\u2019humidit\u00e9 d\u00e9veloppe 2 000 Kw<\/p>\n","protected":false},"excerpt":{"rendered":"<p>Palette de bois sec de haute qualit\u00e9 (ch\u00eane, h\u00eatre, charme, fr\u00eane). Contient 2 st\u00e8res et 25\u20ac correspondant au prix de la palette consign\u00e9e. Bois de chauffage SEC, longueur 50 cm,\u00a0\u00a0en PALETTE consign\u00e9e de 1.6 m3\u00a0:\u00a0l\u2019humidit\u00e9 est garantie inf\u00e9rieure \u00e0 &lt; 18% avec un passage au\u00a0s\u00e9choir \u00e9cologique\u00a0(chaleur produite par une chaudi\u00e8re bois). Le bois est\u00a0rang\u00e9\u00a0et la &hellip; <a href=\"https:\/\/mdkservicesplus.com\/?product=bois-de-chauffage-en-palette-longueur-50-cm\" class=\"more-link\">Read More <span class=\"screen-reader-text\">Bois de chauffage en palette Longueur 50 CM<\/span><\/a><\/p>\n","protected":false},"featured_media":5816,"comment_status":"open","ping_status":"closed","template":"","meta":[],"product_brand":[],"product_cat":[166,167],"product_tag":[],"class_list":{"0":"post-5982","1":"product","2":"type-product","3":"status-publish","4":"has-post-thumbnail","6":"product_cat-bois-de-chauffage-2","7":"product_cat-vos-bois","10":"instock","11":"shipping-taxable","12":"purchasable","13":"product-type-simple"},"_links":{"self":[{"href":"https:\/\/mdkservicesplus.com\/index.php?rest_route=\/wp\/v2\/product\/5982","targetHints":{"allow":["GET"]}}],"collection":[{"href":"https:\/\/mdkservicesplus.com\/index.php?rest_route=\/wp\/v2\/product"}],"about":[{"href":"https:\/\/mdkservicesplus.com\/index.php?rest_route=\/wp\/v2\/types\/product"}],"replies":[{"embeddable":true,"href":"https:\/\/mdkservicesplus.com\/index.php?rest_route=%2Fwp%2Fv2%2Fcomments&post=5982"}],"version-history":[{"count":1,"href":"https:\/\/mdkservicesplus.com\/index.php?rest_route=\/wp\/v2\/product\/5982\/revisions"}],"predecessor-version":[{"id":6010,"href":"https:\/\/mdkservicesplus.com\/index.php?rest_route=\/wp\/v2\/product\/5982\/revisions\/6010"}],"wp:featuredmedia":[{"embeddable":true,"href":"https:\/\/mdkservicesplus.com\/index.php?rest_route=\/wp\/v2\/media\/5816"}],"wp:attachment":[{"href":"https:\/\/mdkservicesplus.com\/index.php?rest_route=%2Fwp%2Fv2%2Fmedia&parent=5982"}],"wp:term":[{"taxonomy":"product_brand","embeddable":true,"href":"https:\/\/mdkservicesplus.com\/index.php?rest_route=%2Fwp%2Fv2%2Fproduct_brand&post=5982"},{"taxonomy":"product_cat","embeddable":true,"href":"https:\/\/mdkservicesplus.com\/index.php?rest_route=%2Fwp%2Fv2%2Fproduct_cat&post=5982"},{"taxonomy":"product_tag","embeddable":true,"href":"https:\/\/mdkservicesplus.com\/index.php?rest_route=%2Fwp%2Fv2%2Fproduct_tag&post=5982"}],"curies":[{"name":"wp","href":"https:\/\/api.w.org\/{rel}","templated":true}]}}