{"id":5987,"date":"2024-12-19T18:24:13","date_gmt":"2024-12-19T18:24:13","guid":{"rendered":"https:\/\/mdkservicesplus.com\/?post_type=product&#038;p=5987"},"modified":"2025-11-17T08:41:32","modified_gmt":"2025-11-17T08:41:32","slug":"bois-de-chauffage-en-vrac-longueur-33-cm-le-stere","status":"publish","type":"product","link":"https:\/\/mdkservicesplus.com\/?product=bois-de-chauffage-en-vrac-longueur-33-cm-le-stere","title":{"rendered":"Bois de chauffage en vrac Longueur 33 cm (Le St\u00e8re)"},"content":{"rendered":"<p><strong>Bois de chauffage en VRAC, SEC<\/strong><span class=\"Apple-converted-space\">\u00a0<\/span>: l\u2019humidit\u00e9 est garantie inf\u00e9rieure \u00e0 &lt; 18% avec un passage au<span class=\"Apple-converted-space\">\u00a0<\/span><strong>s\u00e9choir \u00e9cologique<\/strong><span class=\"Apple-converted-space\">\u00a0<\/span>(chaleur produite par une chaudi\u00e8re bois).<\/p>\n<p>Les essences de\u00a0bois sont le ch\u00eane, le h\u00eatre, le charme et le fr\u00eane.<\/p>\n<p>Les buches sont calibr\u00e9es et coup\u00e9es \u00e0 la bonne longueur 33 cm.<\/p>\n<p>Volume d\u2019encombrement apparent en buche de 33 cm: 1 st\u00e8re = 0.70\u00a0m3<\/p>\n<p>A titre indicatif : Un st\u00e8re de bois de chauffage dit \u00ab\u00a0SEC\u00a0\u00bb, soit 20% maximum d\u2019humidit\u00e9 d\u00e9veloppe 2 000 Kw.<\/p>\n","protected":false},"excerpt":{"rendered":"<p>Bois de chauffage en VRAC, SEC\u00a0: l\u2019humidit\u00e9 est garantie inf\u00e9rieure \u00e0 &lt; 18% avec un passage au\u00a0s\u00e9choir \u00e9cologique\u00a0(chaleur produite par une chaudi\u00e8re bois). Les essences de\u00a0bois sont le ch\u00eane, le h\u00eatre, le charme et le fr\u00eane. Les buches sont calibr\u00e9es et coup\u00e9es \u00e0 la bonne longueur 33 cm. Volume d\u2019encombrement apparent en buche de 33 &hellip; <a href=\"https:\/\/mdkservicesplus.com\/?product=bois-de-chauffage-en-vrac-longueur-33-cm-le-stere\" class=\"more-link\">Read More <span class=\"screen-reader-text\">Bois de chauffage en vrac Longueur 33 cm (Le St\u00e8re)<\/span><\/a><\/p>\n","protected":false},"featured_media":5839,"comment_status":"open","ping_status":"closed","template":"","meta":[],"product_brand":[],"product_cat":[166,167],"product_tag":[],"class_list":{"0":"post-5987","1":"product","2":"type-product","3":"status-publish","4":"has-post-thumbnail","6":"product_cat-bois-de-chauffage-2","7":"product_cat-vos-bois","10":"instock","11":"shipping-taxable","12":"purchasable","13":"product-type-simple"},"_links":{"self":[{"href":"https:\/\/mdkservicesplus.com\/index.php?rest_route=\/wp\/v2\/product\/5987","targetHints":{"allow":["GET"]}}],"collection":[{"href":"https:\/\/mdkservicesplus.com\/index.php?rest_route=\/wp\/v2\/product"}],"about":[{"href":"https:\/\/mdkservicesplus.com\/index.php?rest_route=\/wp\/v2\/types\/product"}],"replies":[{"embeddable":true,"href":"https:\/\/mdkservicesplus.com\/index.php?rest_route=%2Fwp%2Fv2%2Fcomments&post=5987"}],"version-history":[{"count":1,"href":"https:\/\/mdkservicesplus.com\/index.php?rest_route=\/wp\/v2\/product\/5987\/revisions"}],"predecessor-version":[{"id":6015,"href":"https:\/\/mdkservicesplus.com\/index.php?rest_route=\/wp\/v2\/product\/5987\/revisions\/6015"}],"wp:featuredmedia":[{"embeddable":true,"href":"https:\/\/mdkservicesplus.com\/index.php?rest_route=\/wp\/v2\/media\/5839"}],"wp:attachment":[{"href":"https:\/\/mdkservicesplus.com\/index.php?rest_route=%2Fwp%2Fv2%2Fmedia&parent=5987"}],"wp:term":[{"taxonomy":"product_brand","embeddable":true,"href":"https:\/\/mdkservicesplus.com\/index.php?rest_route=%2Fwp%2Fv2%2Fproduct_brand&post=5987"},{"taxonomy":"product_cat","embeddable":true,"href":"https:\/\/mdkservicesplus.com\/index.php?rest_route=%2Fwp%2Fv2%2Fproduct_cat&post=5987"},{"taxonomy":"product_tag","embeddable":true,"href":"https:\/\/mdkservicesplus.com\/index.php?rest_route=%2Fwp%2Fv2%2Fproduct_tag&post=5987"}],"curies":[{"name":"wp","href":"https:\/\/api.w.org\/{rel}","templated":true}]}}