{"id":5998,"date":"2024-12-19T18:24:14","date_gmt":"2024-12-19T18:24:14","guid":{"rendered":"https:\/\/mdkservicesplus.com\/?post_type=product&#038;p=5998"},"modified":"2025-11-17T08:46:59","modified_gmt":"2025-11-17T08:46:59","slug":"pellet-badger-palette-de-65-sacs-de-15-kg","status":"publish","type":"product","link":"https:\/\/mdkservicesplus.com\/?product=pellet-badger-palette-de-65-sacs-de-15-kg","title":{"rendered":"PELLET BADGER \u2013 PALETTE DE 65 SACS DE 15 KG"},"content":{"rendered":"<div class=\"woocommerce-tabs wc-tabs-wrapper\">\n<div id=\"tab-description\" class=\"woocommerce-Tabs-panel woocommerce-Tabs-panel--description panel entry-content wc-tab\" role=\"tabpanel\" aria-labelledby=\"tab-title-description\">\n<p>Les granul\u00e9s de bois Badger de fabrication Belge, de qualit\u00e9 constante, bois issus de r\u00e9sineux de for\u00eats g\u00e9r\u00e9es durablement, soucieux de l\u2019environnement.<\/p>\n<p>Ces pellets sont 100 % naturels, sans colle ni additif et respectent les exigences des normes DIN Plus et EN Plus.<\/p>\n<p>Avec des contr\u00f4les r\u00e9guliers, allant du processus de fabrication, de l\u2019approvisionnement de la mati\u00e8re premi\u00e8re \u00e0 la confection.<\/p>\n<p>Composition<br \/>\n100 % r\u00e9sineux<br \/>\nCertificats<br \/>\nDIN Plus, EN Plus A1<br \/>\nPouvoir Calorifique<br \/>\nSup\u00e9rieur \u00e0 4,6 kWh\/kg<br \/>\nTaux D\u2019humidit\u00e9<br \/>\nInf\u00e9rieur \u00e0 10 %<br \/>\nTaux De Cendres<br \/>\nInf\u00e9rieur \u00e0 0,7 %<br \/>\nTaux De Poussi\u00e8re<br \/>\nInf\u00e9rieur \u00e0 0,5 %<br \/>\nDiam\u00e8tre<br \/>\n6 mm<br \/>\nConditionnement<br \/>\nPalette<\/p>\n<\/div>\n<\/div>\n<section id=\"related-products\" class=\"klb-module related products\">\n<div class=\"klb-title module-header\">\n<h2 class=\"entry-title\"><\/h2>\n<\/div>\n<\/section>\n","protected":false},"excerpt":{"rendered":"<p>Les granul\u00e9s de bois Badger de fabrication Belge, de qualit\u00e9 constante, bois issus de r\u00e9sineux de for\u00eats g\u00e9r\u00e9es durablement, soucieux de l\u2019environnement. Ces pellets sont 100 % naturels, sans colle ni additif et respectent les exigences des normes DIN Plus et EN Plus. Avec des contr\u00f4les r\u00e9guliers, allant du processus de fabrication, de l\u2019approvisionnement de &hellip; <a href=\"https:\/\/mdkservicesplus.com\/?product=pellet-badger-palette-de-65-sacs-de-15-kg\" class=\"more-link\">Read More <span class=\"screen-reader-text\">PELLET BADGER \u2013 PALETTE DE 65 SACS DE 15 KG<\/span><\/a><\/p>\n","protected":false},"featured_media":5864,"comment_status":"open","ping_status":"closed","template":"","meta":[],"product_brand":[],"product_cat":[169,167],"product_tag":[],"class_list":{"0":"post-5998","1":"product","2":"type-product","3":"status-publish","4":"has-post-thumbnail","6":"product_cat-granules-pellets-2","7":"product_cat-vos-bois","10":"instock","11":"shipping-taxable","12":"purchasable","13":"product-type-simple"},"_links":{"self":[{"href":"https:\/\/mdkservicesplus.com\/index.php?rest_route=\/wp\/v2\/product\/5998","targetHints":{"allow":["GET"]}}],"collection":[{"href":"https:\/\/mdkservicesplus.com\/index.php?rest_route=\/wp\/v2\/product"}],"about":[{"href":"https:\/\/mdkservicesplus.com\/index.php?rest_route=\/wp\/v2\/types\/product"}],"replies":[{"embeddable":true,"href":"https:\/\/mdkservicesplus.com\/index.php?rest_route=%2Fwp%2Fv2%2Fcomments&post=5998"}],"version-history":[{"count":1,"href":"https:\/\/mdkservicesplus.com\/index.php?rest_route=\/wp\/v2\/product\/5998\/revisions"}],"predecessor-version":[{"id":6026,"href":"https:\/\/mdkservicesplus.com\/index.php?rest_route=\/wp\/v2\/product\/5998\/revisions\/6026"}],"wp:featuredmedia":[{"embeddable":true,"href":"https:\/\/mdkservicesplus.com\/index.php?rest_route=\/wp\/v2\/media\/5864"}],"wp:attachment":[{"href":"https:\/\/mdkservicesplus.com\/index.php?rest_route=%2Fwp%2Fv2%2Fmedia&parent=5998"}],"wp:term":[{"taxonomy":"product_brand","embeddable":true,"href":"https:\/\/mdkservicesplus.com\/index.php?rest_route=%2Fwp%2Fv2%2Fproduct_brand&post=5998"},{"taxonomy":"product_cat","embeddable":true,"href":"https:\/\/mdkservicesplus.com\/index.php?rest_route=%2Fwp%2Fv2%2Fproduct_cat&post=5998"},{"taxonomy":"product_tag","embeddable":true,"href":"https:\/\/mdkservicesplus.com\/index.php?rest_route=%2Fwp%2Fv2%2Fproduct_tag&post=5998"}],"curies":[{"name":"wp","href":"https:\/\/api.w.org\/{rel}","templated":true}]}}