{"id":6028,"date":"2024-12-19T18:24:21","date_gmt":"2024-12-19T18:24:21","guid":{"rendered":"https:\/\/mdkservicesplus.com\/?post_type=product&#038;p=6028"},"modified":"2025-11-17T08:48:09","modified_gmt":"2025-11-17T08:48:09","slug":"swing-stockage-de-pellet","status":"publish","type":"product","link":"https:\/\/mdkservicesplus.com\/?product=swing-stockage-de-pellet","title":{"rendered":"Swing stockage de pellet"},"content":{"rendered":"<p>Faites swinguer votre int\u00e9rieur gr\u00e2ce \u00e0 ce contenant \u00ab Haute couture \u00bb. La SWING vous permet de stocker jusqu\u2019\u00e0 50 kg de granul\u00e9s au plus pr\u00e8s de votre po\u00eale ou de votre insert.<\/p>\n<p>Dot\u00e9 d\u2019un astucieux syst\u00e8me \u00e0 bascule, ce contenant vous permet de recueillir ais\u00e9ment les granul\u00e9s dans le fond de la r\u00e9serve, notamment \u00e0 l\u2019aide de la pelle courbe, con\u00e7ue dans la meme gamme.<\/p>\n<p>La SWING fera partie int\u00e9grante de votre mobilier et s\u2019accordera parfaitement avec votre d\u00e9coration d\u2019int\u00e9rieur.<\/p>\n<p>Design et moderne<\/p>\n<p>Fait partie int\u00e9grante du mobilier de l\u2019habitat<\/p>\n<p>Pratique<\/p>\n<p>Facilite le stockage et la manipulation des granul\u00e9s<\/p>\n<div class=\"product-meta product_meta\">\n<div class=\"woocommerce-product-rating product-rating\">\n<div class=\"star-rating\" role=\"img\" aria-label=\"Note 5.00 sur 5\"><\/div>\n<\/div>\n<\/div>\n","protected":false},"excerpt":{"rendered":"<p>Faites swinguer votre int\u00e9rieur gr\u00e2ce \u00e0 ce contenant \u00ab Haute couture \u00bb. La SWING vous permet de stocker jusqu\u2019\u00e0 50 kg de granul\u00e9s au plus pr\u00e8s de votre po\u00eale ou de votre insert. Dot\u00e9 d\u2019un astucieux syst\u00e8me \u00e0 bascule, ce contenant vous permet de recueillir ais\u00e9ment les granul\u00e9s dans le fond de la r\u00e9serve, notamment &hellip; <a href=\"https:\/\/mdkservicesplus.com\/?product=swing-stockage-de-pellet\" class=\"more-link\">Read More <span class=\"screen-reader-text\">Swing stockage de pellet<\/span><\/a><\/p>\n","protected":false},"featured_media":5868,"comment_status":"open","ping_status":"closed","template":"","meta":[],"product_brand":[],"product_cat":[169,167],"product_tag":[],"class_list":{"0":"post-6028","1":"product","2":"type-product","3":"status-publish","4":"has-post-thumbnail","6":"product_cat-granules-pellets-2","7":"product_cat-vos-bois","10":"instock","11":"shipping-taxable","12":"purchasable","13":"product-type-simple"},"_links":{"self":[{"href":"https:\/\/mdkservicesplus.com\/index.php?rest_route=\/wp\/v2\/product\/6028","targetHints":{"allow":["GET"]}}],"collection":[{"href":"https:\/\/mdkservicesplus.com\/index.php?rest_route=\/wp\/v2\/product"}],"about":[{"href":"https:\/\/mdkservicesplus.com\/index.php?rest_route=\/wp\/v2\/types\/product"}],"replies":[{"embeddable":true,"href":"https:\/\/mdkservicesplus.com\/index.php?rest_route=%2Fwp%2Fv2%2Fcomments&post=6028"}],"version-history":[{"count":1,"href":"https:\/\/mdkservicesplus.com\/index.php?rest_route=\/wp\/v2\/product\/6028\/revisions"}],"predecessor-version":[{"id":6038,"href":"https:\/\/mdkservicesplus.com\/index.php?rest_route=\/wp\/v2\/product\/6028\/revisions\/6038"}],"wp:featuredmedia":[{"embeddable":true,"href":"https:\/\/mdkservicesplus.com\/index.php?rest_route=\/wp\/v2\/media\/5868"}],"wp:attachment":[{"href":"https:\/\/mdkservicesplus.com\/index.php?rest_route=%2Fwp%2Fv2%2Fmedia&parent=6028"}],"wp:term":[{"taxonomy":"product_brand","embeddable":true,"href":"https:\/\/mdkservicesplus.com\/index.php?rest_route=%2Fwp%2Fv2%2Fproduct_brand&post=6028"},{"taxonomy":"product_cat","embeddable":true,"href":"https:\/\/mdkservicesplus.com\/index.php?rest_route=%2Fwp%2Fv2%2Fproduct_cat&post=6028"},{"taxonomy":"product_tag","embeddable":true,"href":"https:\/\/mdkservicesplus.com\/index.php?rest_route=%2Fwp%2Fv2%2Fproduct_tag&post=6028"}],"curies":[{"name":"wp","href":"https:\/\/api.w.org\/{rel}","templated":true}]}}