{"id":6029,"date":"2024-12-19T18:24:21","date_gmt":"2024-12-19T18:24:21","guid":{"rendered":"https:\/\/mdkservicesplus.com\/?post_type=product&#038;p=6029"},"modified":"2025-11-17T08:45:04","modified_gmt":"2025-11-17T08:45:04","slug":"le-seau-a-pellets","status":"publish","type":"product","link":"https:\/\/mdkservicesplus.com\/?product=le-seau-a-pellets","title":{"rendered":"Le seau \u00e0 pellets"},"content":{"rendered":"<p>Gr\u00e2ce au Seau Woodstock, l\u2019alimentation du po\u00eale ou de l\u2019insert se fait sans lourde charge \u00e0 porter. La manipulation des granul\u00e9s devient facile et ludique.<\/p>\n<p>Disponible en trois couleurs avec poign\u00e9e en bois, cet objet au design et couleurs modernes, est un clin d\u2019\u0153il aux anciens seaux \u00e0 charbon. Il donnera satisfaction \u00e0 vos envies de design d\u2019int\u00e9rieur et de fonctionnalit\u00e9.<\/p>\n<p>Il s\u2019accorde tout particuli\u00e8rement avec la Pelle propos\u00e9e par Woodstock dans la m\u00eame gamme.<\/p>\n<p>Design et moderne<\/p>\n<p>Fait partie int\u00e9grante du mobilier de l\u2019habitat<\/p>\n<p>Pratique<\/p>\n<p>Facilite le stockage et la manipulation des granul\u00e9s<\/p>\n<p>Qualit\u00e9 sup\u00e9rieure<\/p>\n<p>Con\u00e7u \u00e0 partir de mat\u00e9riaux de haute qualit\u00e9<\/p>\n<p>Large choix de finitions<\/p>\n","protected":false},"excerpt":{"rendered":"<p>Gr\u00e2ce au Seau Woodstock, l\u2019alimentation du po\u00eale ou de l\u2019insert se fait sans lourde charge \u00e0 porter. La manipulation des granul\u00e9s devient facile et ludique. Disponible en trois couleurs avec poign\u00e9e en bois, cet objet au design et couleurs modernes, est un clin d\u2019\u0153il aux anciens seaux \u00e0 charbon. Il donnera satisfaction \u00e0 vos envies &hellip; <a href=\"https:\/\/mdkservicesplus.com\/?product=le-seau-a-pellets\" class=\"more-link\">Read More <span class=\"screen-reader-text\">Le seau \u00e0 pellets<\/span><\/a><\/p>\n","protected":false},"featured_media":5870,"comment_status":"open","ping_status":"closed","template":"","meta":[],"product_brand":[],"product_cat":[169,167],"product_tag":[],"class_list":{"0":"post-6029","1":"product","2":"type-product","3":"status-publish","4":"has-post-thumbnail","6":"product_cat-granules-pellets-2","7":"product_cat-vos-bois","10":"instock","11":"shipping-taxable","12":"purchasable","13":"product-type-simple"},"_links":{"self":[{"href":"https:\/\/mdkservicesplus.com\/index.php?rest_route=\/wp\/v2\/product\/6029","targetHints":{"allow":["GET"]}}],"collection":[{"href":"https:\/\/mdkservicesplus.com\/index.php?rest_route=\/wp\/v2\/product"}],"about":[{"href":"https:\/\/mdkservicesplus.com\/index.php?rest_route=\/wp\/v2\/types\/product"}],"replies":[{"embeddable":true,"href":"https:\/\/mdkservicesplus.com\/index.php?rest_route=%2Fwp%2Fv2%2Fcomments&post=6029"}],"version-history":[{"count":1,"href":"https:\/\/mdkservicesplus.com\/index.php?rest_route=\/wp\/v2\/product\/6029\/revisions"}],"predecessor-version":[{"id":6039,"href":"https:\/\/mdkservicesplus.com\/index.php?rest_route=\/wp\/v2\/product\/6029\/revisions\/6039"}],"wp:featuredmedia":[{"embeddable":true,"href":"https:\/\/mdkservicesplus.com\/index.php?rest_route=\/wp\/v2\/media\/5870"}],"wp:attachment":[{"href":"https:\/\/mdkservicesplus.com\/index.php?rest_route=%2Fwp%2Fv2%2Fmedia&parent=6029"}],"wp:term":[{"taxonomy":"product_brand","embeddable":true,"href":"https:\/\/mdkservicesplus.com\/index.php?rest_route=%2Fwp%2Fv2%2Fproduct_brand&post=6029"},{"taxonomy":"product_cat","embeddable":true,"href":"https:\/\/mdkservicesplus.com\/index.php?rest_route=%2Fwp%2Fv2%2Fproduct_cat&post=6029"},{"taxonomy":"product_tag","embeddable":true,"href":"https:\/\/mdkservicesplus.com\/index.php?rest_route=%2Fwp%2Fv2%2Fproduct_tag&post=6029"}],"curies":[{"name":"wp","href":"https:\/\/api.w.org\/{rel}","templated":true}]}}