{"id":6031,"date":"2024-12-19T18:24:21","date_gmt":"2024-12-19T18:24:21","guid":{"rendered":"https:\/\/mdkservicesplus.com\/?post_type=product&#038;p=6031"},"modified":"2025-11-17T08:44:41","modified_gmt":"2025-11-17T08:44:41","slug":"la-pelle-courbe-a-pellets","status":"publish","type":"product","link":"https:\/\/mdkservicesplus.com\/?product=la-pelle-courbe-a-pellets","title":{"rendered":"La pelle courbe \u00e0 pellets"},"content":{"rendered":"<div class=\"woocommerce-tabs wc-tabs-wrapper\">\n<div id=\"tab-description\" class=\"woocommerce-Tabs-panel woocommerce-Tabs-panel--description panel entry-content wc-tab\" role=\"tabpanel\" aria-labelledby=\"tab-title-description\">\n<p>Sp\u00e9cialement con\u00e7ue pour \u00e9pouser les formes de la Swing, la Pelle Courbe de Woodstock\u00ae vous permet de transvaser ais\u00e9ment vos granul\u00e9s vers le po\u00eale ou l\u2019insert.<\/p>\n<\/div>\n<\/div>\n<section id=\"related-products\" class=\"klb-module related products\">\n<div class=\"klb-title module-header\"><\/div>\n<\/section>\n","protected":false},"excerpt":{"rendered":"<p>Sp\u00e9cialement con\u00e7ue pour \u00e9pouser les formes de la Swing, la Pelle Courbe de Woodstock\u00ae vous permet de transvaser ais\u00e9ment vos granul\u00e9s vers le po\u00eale ou l\u2019insert.<\/p>\n","protected":false},"featured_media":5874,"comment_status":"open","ping_status":"closed","template":"","meta":[],"product_brand":[],"product_cat":[169,167],"product_tag":[],"class_list":{"0":"post-6031","1":"product","2":"type-product","3":"status-publish","4":"has-post-thumbnail","6":"product_cat-granules-pellets-2","7":"product_cat-vos-bois","10":"instock","11":"shipping-taxable","12":"purchasable","13":"product-type-simple"},"_links":{"self":[{"href":"https:\/\/mdkservicesplus.com\/index.php?rest_route=\/wp\/v2\/product\/6031","targetHints":{"allow":["GET"]}}],"collection":[{"href":"https:\/\/mdkservicesplus.com\/index.php?rest_route=\/wp\/v2\/product"}],"about":[{"href":"https:\/\/mdkservicesplus.com\/index.php?rest_route=\/wp\/v2\/types\/product"}],"replies":[{"embeddable":true,"href":"https:\/\/mdkservicesplus.com\/index.php?rest_route=%2Fwp%2Fv2%2Fcomments&post=6031"}],"version-history":[{"count":1,"href":"https:\/\/mdkservicesplus.com\/index.php?rest_route=\/wp\/v2\/product\/6031\/revisions"}],"predecessor-version":[{"id":6041,"href":"https:\/\/mdkservicesplus.com\/index.php?rest_route=\/wp\/v2\/product\/6031\/revisions\/6041"}],"wp:featuredmedia":[{"embeddable":true,"href":"https:\/\/mdkservicesplus.com\/index.php?rest_route=\/wp\/v2\/media\/5874"}],"wp:attachment":[{"href":"https:\/\/mdkservicesplus.com\/index.php?rest_route=%2Fwp%2Fv2%2Fmedia&parent=6031"}],"wp:term":[{"taxonomy":"product_brand","embeddable":true,"href":"https:\/\/mdkservicesplus.com\/index.php?rest_route=%2Fwp%2Fv2%2Fproduct_brand&post=6031"},{"taxonomy":"product_cat","embeddable":true,"href":"https:\/\/mdkservicesplus.com\/index.php?rest_route=%2Fwp%2Fv2%2Fproduct_cat&post=6031"},{"taxonomy":"product_tag","embeddable":true,"href":"https:\/\/mdkservicesplus.com\/index.php?rest_route=%2Fwp%2Fv2%2Fproduct_tag&post=6031"}],"curies":[{"name":"wp","href":"https:\/\/api.w.org\/{rel}","templated":true}]}}