{"id":6034,"date":"2024-12-19T18:24:21","date_gmt":"2024-12-19T18:24:21","guid":{"rendered":"https:\/\/mdkservicesplus.com\/?post_type=product&#038;p=6034"},"modified":"2025-08-16T09:55:30","modified_gmt":"2025-08-16T09:55:30","slug":"granules-van-roje","status":"publish","type":"product","link":"https:\/\/mdkservicesplus.com\/?product=granules-van-roje","title":{"rendered":"Granul\u00e9s Van Roje"},"content":{"rendered":"<p>100% r\u00e9sineux<\/p>\n<p>Qualit\u00e9 sup\u00e9rieure : certifi\u00e9 DIN plus &amp; EN plus Al<\/p>\n<p>4,94 kWh\/kg<\/p>\n<p>0,29% En pourcentage<\/p>\n<p>15 kg par zack<\/p>\n<p>Qualit\u00e9 sup\u00e9rieure : certifi\u00e9 DIN plus &amp; EN plus A1<\/p>\n<p>4,94 kWh\/kg<\/p>\n<p>0,29% En pourcentage<\/p>\n<p>A base de sciure de bois saine 100% naturelle, sans liants artificiels<\/p>\n<p>Bois provenant d\u2019une scierie de construction (sans \u00e9corce)<\/p>\n<p>Couleur claire principalement compos\u00e9e de bois d\u2019\u00e9pic\u00e9a<\/p>\n","protected":false},"excerpt":{"rendered":"<p>100% r\u00e9sineux Qualit\u00e9 sup\u00e9rieure : certifi\u00e9 DIN plus &amp; EN plus Al 4,94 kWh\/kg 0,29% En pourcentage 15 kg par zack Qualit\u00e9 sup\u00e9rieure : certifi\u00e9 DIN plus &amp; EN plus A1 4,94 kWh\/kg 0,29% En pourcentage A base de sciure de bois saine 100% naturelle, sans liants artificiels Bois provenant d\u2019une scierie de construction (sans &hellip; <a href=\"https:\/\/mdkservicesplus.com\/?product=granules-van-roje\" class=\"more-link\">Read More <span class=\"screen-reader-text\">Granul\u00e9s Van Roje<\/span><\/a><\/p>\n","protected":false},"featured_media":5880,"comment_status":"open","ping_status":"closed","template":"","meta":[],"product_brand":[],"product_cat":[169,167],"product_tag":[],"class_list":{"0":"post-6034","1":"product","2":"type-product","3":"status-publish","4":"has-post-thumbnail","6":"product_cat-granules-pellets-2","7":"product_cat-vos-bois","10":"instock","11":"shipping-taxable","12":"purchasable","13":"product-type-simple"},"_links":{"self":[{"href":"https:\/\/mdkservicesplus.com\/index.php?rest_route=\/wp\/v2\/product\/6034","targetHints":{"allow":["GET"]}}],"collection":[{"href":"https:\/\/mdkservicesplus.com\/index.php?rest_route=\/wp\/v2\/product"}],"about":[{"href":"https:\/\/mdkservicesplus.com\/index.php?rest_route=\/wp\/v2\/types\/product"}],"replies":[{"embeddable":true,"href":"https:\/\/mdkservicesplus.com\/index.php?rest_route=%2Fwp%2Fv2%2Fcomments&post=6034"}],"version-history":[{"count":1,"href":"https:\/\/mdkservicesplus.com\/index.php?rest_route=\/wp\/v2\/product\/6034\/revisions"}],"predecessor-version":[{"id":6044,"href":"https:\/\/mdkservicesplus.com\/index.php?rest_route=\/wp\/v2\/product\/6034\/revisions\/6044"}],"wp:featuredmedia":[{"embeddable":true,"href":"https:\/\/mdkservicesplus.com\/index.php?rest_route=\/wp\/v2\/media\/5880"}],"wp:attachment":[{"href":"https:\/\/mdkservicesplus.com\/index.php?rest_route=%2Fwp%2Fv2%2Fmedia&parent=6034"}],"wp:term":[{"taxonomy":"product_brand","embeddable":true,"href":"https:\/\/mdkservicesplus.com\/index.php?rest_route=%2Fwp%2Fv2%2Fproduct_brand&post=6034"},{"taxonomy":"product_cat","embeddable":true,"href":"https:\/\/mdkservicesplus.com\/index.php?rest_route=%2Fwp%2Fv2%2Fproduct_cat&post=6034"},{"taxonomy":"product_tag","embeddable":true,"href":"https:\/\/mdkservicesplus.com\/index.php?rest_route=%2Fwp%2Fv2%2Fproduct_tag&post=6034"}],"curies":[{"name":"wp","href":"https:\/\/api.w.org\/{rel}","templated":true}]}}